{"id":31058,"date":"2026-04-29T13:03:27","date_gmt":"2026-04-29T11:03:27","guid":{"rendered":"https:\/\/avdmsolutions.re\/?page_id=31058"},"modified":"2026-04-30T06:48:52","modified_gmt":"2026-04-30T04:48:52","slug":"info-societe","status":"publish","type":"page","link":"https:\/\/avdmsolutions.re\/en\/info-societe\/","title":{"rendered":"Infos Soci\u00e9t\u00e9"},"content":{"rendered":"<p>[et_pb_section fb_built=\u00a0\u00bb1&Prime; admin_label=\u00a0\u00bbsection\u00a0\u00bb _builder_version=\u00a0\u00bb4.16&Prime; global_colors_info=\u00a0\u00bb{}\u00a0\u00bb custom_margin=\u00a0\u00bb||-29px|||\u00a0\u00bb][et_pb_row admin_label=\u00a0\u00bbrow\u00a0\u00bb _builder_version=\u00a0\u00bb4.16&Prime; background_size=\u00a0\u00bbinitial\u00a0\u00bb background_position=\u00a0\u00bbtop_left\u00a0\u00bb background_repeat=\u00a0\u00bbrepeat\u00a0\u00bb global_colors_info=\u00a0\u00bb{}\u00a0\u00bb][et_pb_column type=\u00a0\u00bb4_4&Prime; _builder_version=\u00a0\u00bb4.16&Prime; custom_padding=\u00a0\u00bb|||\u00a0\u00bb global_colors_info=\u00a0\u00bb{}\u00a0\u00bb custom_padding__hover=\u00a0\u00bb|||\u00a0\u00bb][et_pb_text admin_label=\u00a0\u00bbText\u00a0\u00bb _builder_version=\u00a0\u00bb4.16&Prime; background_size=\u00a0\u00bbinitial\u00a0\u00bb background_position=\u00a0\u00bbtop_left\u00a0\u00bb background_repeat=\u00a0\u00bbrepeat\u00a0\u00bb global_colors_info=\u00a0\u00bb{}\u00a0\u00bb]<\/p>\n<p>AVDM SOLUTIONS est situ\u00e9e dans le sud de la R\u00e9union, sp\u00e9cialis\u00e9e dans le domaine de l identification et tra\u00e7abilit\u00e9, la soci\u00e9t\u00e9 vous apporte par sa proximit\u00e9 un service plus r\u00e9actif et plus performant, une approche pragmatique des le d\u00e9part de votre projet en vous proposant le meilleur compromis dans le choix du mat\u00e9riel, des consommables, des software et enfin installation et service apr\u00e8s vente.<\/p>\n<p>[\/et_pb_text][\/et_pb_column][\/et_pb_row][et_pb_row _builder_version=\u00a0\u00bb4.27.5&Prime; _module_preset=\u00a0\u00bbdefault\u00a0\u00bb global_colors_info=\u00a0\u00bb{}\u00a0\u00bb][et_pb_column type=\u00a0\u00bb4_4&Prime; _builder_version=\u00a0\u00bb4.27.5&Prime; _module_preset=\u00a0\u00bbdefault\u00a0\u00bb global_colors_info=\u00a0\u00bb{}\u00a0\u00bb][et_pb_text _builder_version=\u00a0\u00bb4.27.5&Prime; _module_preset=\u00a0\u00bbdefault\u00a0\u00bb hover_enabled=\u00a0\u00bb0&Prime; sticky_enabled=\u00a0\u00bb0&Prime;]<\/p>\n<p>Comment nous trouver :\u00a0<\/p>\n<p>[\/et_pb_text][\/et_pb_column][\/et_pb_row][\/et_pb_section][et_pb_section fb_built=\u00a0\u00bb1&Prime; _builder_version=\u00a0\u00bb4.27.5&Prime; _module_preset=\u00a0\u00bbdefault\u00a0\u00bb global_colors_info=\u00a0\u00bb{}\u00a0\u00bb][et_pb_row _builder_version=\u00a0\u00bb4.27.5&Prime; _module_preset=\u00a0\u00bbdefault\u00a0\u00bb][et_pb_column _builder_version=\u00a0\u00bb4.27.5&Prime; _module_preset=\u00a0\u00bbdefault\u00a0\u00bb type=\u00a0\u00bb4_4&Prime;][et_pb_code _builder_version=\u00a0\u00bb4.27.5&Prime; _module_preset=\u00a0\u00bbdefault\u00a0\u00bb hover_enabled=\u00a0\u00bb0&Prime; sticky_enabled=\u00a0\u00bb0&Prime; min_height=\u00a0\u00bb477.6px\u00a0\u00bb width=\u00a0\u00bb59.1%\u00a0\u00bb]<iframe src=\"https:\/\/www.google.com\/maps\/embed?pb=!1m18!1m12!1m3!1d17682.784860059073!2d55.445508741782554!3d-21.297277124102845!2m3!1f0!2f0!3f0!3m2!1i1024!2i768!4f13.1!3m3!1m2!1s0x2182a05111f53015%3A0x4eecc95cbe4711d3!2s86%20Chem.%20Bancoule%2C%20Saint-Pierre%2097432%2C%20R%C3%A9union!5e0!3m2!1sen!2sfr!4v1777524166448!5m2!1sen!2sfr\" width=\"600\" height=\"450\" style=\"border:0;\" allowfullscreen=\"\" loading=\"lazy\" referrerpolicy=\"no-referrer-when-downgrade\"><\/iframe>[\/et_pb_code][\/et_pb_column][\/et_pb_row][\/et_pb_section][et_pb_section fb_built=\u00a0\u00bb1&Prime; theme_builder_area=\u00a0\u00bbpost_content\u00a0\u00bb _builder_version=\u00a0\u00bb4.27.5&Prime; _module_preset=\u00a0\u00bbdefault\u00a0\u00bb][\/et_pb_section]<\/p>\n","protected":false},"excerpt":{"rendered":"<p>AVDM SOLUTIONS est situ\u00e9e dans le sud de la R\u00e9union, sp\u00e9cialis\u00e9e dans le domaine de l identification et tra\u00e7abilit\u00e9, la soci\u00e9t\u00e9 vous apporte par sa proximit\u00e9 un service plus r\u00e9actif et plus performant, une approche pragmatique des le d\u00e9part de votre projet en vous proposant le meilleur compromis dans le choix du mat\u00e9riel, des&#8230;<\/p>","protected":false},"author":1,"featured_media":31055,"parent":0,"menu_order":0,"comment_status":"closed","ping_status":"closed","template":"","meta":{"_et_pb_use_builder":"on","_et_pb_old_content":"AVDM SOLUTIONS est situ\u00e9e dans le sud de la R\u00e9union, sp\u00e9cialis\u00e9e dans le domaine de l identification et tra\u00e7abilit\u00e9, la soci\u00e9t\u00e9 vous apporte par sa proximit\u00e9 un service plus r\u00e9actif et plus performant, une approche pragmatique des le d\u00e9part de votre projet en vous proposant le meilleur compromis dans le choix du mat\u00e9riel, des consommables, des software et enfin installation et service apr\u00e8s vente.","_et_gb_content_width":"","footnotes":""},"class_list":["post-31058","page","type-page","status-publish","has-post-thumbnail","hentry","post","post-with-thumbnail","post-with-thumbnail-large"],"_links":{"self":[{"href":"https:\/\/avdmsolutions.re\/en\/wp-json\/wp\/v2\/pages\/31058","targetHints":{"allow":["GET"]}}],"collection":[{"href":"https:\/\/avdmsolutions.re\/en\/wp-json\/wp\/v2\/pages"}],"about":[{"href":"https:\/\/avdmsolutions.re\/en\/wp-json\/wp\/v2\/types\/page"}],"author":[{"embeddable":true,"href":"https:\/\/avdmsolutions.re\/en\/wp-json\/wp\/v2\/users\/1"}],"replies":[{"embeddable":true,"href":"https:\/\/avdmsolutions.re\/en\/wp-json\/wp\/v2\/comments?post=31058"}],"version-history":[{"count":9,"href":"https:\/\/avdmsolutions.re\/en\/wp-json\/wp\/v2\/pages\/31058\/revisions"}],"predecessor-version":[{"id":31077,"href":"https:\/\/avdmsolutions.re\/en\/wp-json\/wp\/v2\/pages\/31058\/revisions\/31077"}],"wp:featuredmedia":[{"embeddable":true,"href":"https:\/\/avdmsolutions.re\/en\/wp-json\/wp\/v2\/media\/31055"}],"wp:attachment":[{"href":"https:\/\/avdmsolutions.re\/en\/wp-json\/wp\/v2\/media?parent=31058"}],"curies":[{"name":"wp","href":"https:\/\/api.w.org\/{rel}","templated":true}]}}